{"id":172,"date":"2022-01-17T12:53:40","date_gmt":"2022-01-17T11:53:40","guid":{"rendered":"https:\/\/fullservicesolution.it\/?page_id=172"},"modified":"2026-02-17T08:17:27","modified_gmt":"2026-02-17T07:17:27","slug":"sviluppo-software","status":"publish","type":"page","link":"https:\/\/www.fullserviceict.it\/?page_id=172","title":{"rendered":"SVILUPPO SOFTWARE"},"content":{"rendered":"\t\t<div data-elementor-type=\"wp-page\" data-elementor-id=\"172\" class=\"elementor elementor-172\">\n\t\t\t\t\t\t<section class=\"elementor-section elementor-top-section elementor-element elementor-element-6023573 elementor-section-boxed elementor-section-height-default elementor-section-height-default\" data-id=\"6023573\" data-element_type=\"section\" data-e-type=\"section\">\n\t\t\t\t\t\t<div class=\"elementor-container elementor-column-gap-default\">\n\t\t\t\t\t<div class=\"elementor-column elementor-col-100 elementor-top-column elementor-element elementor-element-04f2356\" data-id=\"04f2356\" data-element_type=\"column\" data-e-type=\"column\">\n\t\t\t<div class=\"elementor-widget-wrap elementor-element-populated\">\n\t\t\t\t\t\t<div class=\"elementor-element elementor-element-2ff7ea9 elementor-widget elementor-widget-image-carousel\" data-id=\"2ff7ea9\" data-element_type=\"widget\" data-e-type=\"widget\" data-settings=\"{&quot;slides_to_show&quot;:&quot;1&quot;,&quot;navigation&quot;:&quot;none&quot;,&quot;autoplay&quot;:&quot;yes&quot;,&quot;pause_on_hover&quot;:&quot;yes&quot;,&quot;pause_on_interaction&quot;:&quot;yes&quot;,&quot;autoplay_speed&quot;:5000,&quot;infinite&quot;:&quot;yes&quot;,&quot;effect&quot;:&quot;slide&quot;,&quot;speed&quot;:500}\" data-widget_type=\"image-carousel.default\">\n\t\t\t\t<div class=\"elementor-widget-container\">\n\t\t\t\t\t\t\t<div class=\"elementor-image-carousel-wrapper swiper\" role=\"region\" aria-roledescription=\"carousel\" aria-label=\"Carosello d&#039;immagini\" dir=\"ltr\">\n\t\t\t<div class=\"elementor-image-carousel swiper-wrapper swiper-image-stretch\" aria-live=\"off\">\n\t\t\t\t\t\t\t\t<div class=\"swiper-slide\" role=\"group\" aria-roledescription=\"slide\" aria-label=\"1 di 1\"><figure class=\"swiper-slide-inner\"><img decoding=\"async\" class=\"swiper-slide-image\" src=\"https:\/\/www.fullserviceict.it\/wp-content\/uploads\/2022\/02\/HP07.jpg\" alt=\"HP07\" \/><\/figure><\/div>\t\t\t<\/div>\n\t\t\t\t\t<\/div>\n\t\t\t\t\t\t<\/div>\n\t\t\t\t<\/div>\n\t\t\t\t\t<\/div>\n\t\t<\/div>\n\t\t\t\t\t<\/div>\n\t\t<\/section>\n\t\t\t\t<section class=\"elementor-section elementor-top-section elementor-element elementor-element-9bf1df7 elementor-section-boxed elementor-section-height-default elementor-section-height-default\" data-id=\"9bf1df7\" data-element_type=\"section\" data-e-type=\"section\">\n\t\t\t\t\t\t<div class=\"elementor-container elementor-column-gap-default\">\n\t\t\t\t\t<div class=\"elementor-column elementor-col-100 elementor-top-column elementor-element elementor-element-44ab390\" data-id=\"44ab390\" data-element_type=\"column\" data-e-type=\"column\">\n\t\t\t<div class=\"elementor-widget-wrap elementor-element-populated\">\n\t\t\t\t\t\t<div class=\"elementor-element elementor-element-57b2b72 elementor-widget elementor-widget-heading\" data-id=\"57b2b72\" data-element_type=\"widget\" data-e-type=\"widget\" data-widget_type=\"heading.default\">\n\t\t\t\t<div class=\"elementor-widget-container\">\n\t\t\t\t\t<h3 class=\"elementor-heading-title elementor-size-default\">SVILUPPO SOFTWARE<\/h3>\t\t\t\t<\/div>\n\t\t\t\t<\/div>\n\t\t\t\t<div class=\"elementor-element elementor-element-f1de765 elementor-widget elementor-widget-text-editor\" data-id=\"f1de765\" data-element_type=\"widget\" data-e-type=\"widget\" data-widget_type=\"text-editor.default\">\n\t\t\t\t<div class=\"elementor-widget-container\">\n\t\t\t\t\t\t\t\t\t<p>La disponibilit\u00e0 di <strong>nuove piattaforme tecnologiche<\/strong>, richiede competenze sempre pi\u00f9 specializzate e capacit\u00e0 di fornire soluzioni affidabili e aggiornate. <strong>Full Service Solution<\/strong> <strong>progetta e sviluppa software web based basato sui linguaggi di programmazione pi\u00f9 evoluti<\/strong>, realizzando soluzioni verticali integrate con i gestionali presenti nella vostra azienda, per fornire un punto di accesso univoco con soluzioni applicative dedicate.<\/p>\n<p>Operiamo nel settore dell\u2019<strong>Automotive<\/strong> accompagnando le reti delle <strong>maggiori case automobilistiche<\/strong> nella gestione di tutti i loro <strong>flussi aziendali<\/strong>. Alcune delle attivit\u00e0 di Full Service Solution, sono necessarie per poter ottenere dei risultati importanti: creare e tracciare i processi, monitorare e gestire campagne di marketing automation e email marketing, analizzare i risultati e esportare i dati con strumenti integrati di data analytics.<\/p>\n<ul>\n<li><strong>PREVENTIVATORI<\/strong><br \/>Per <strong>FORD ITALIA<\/strong>, abbiamo realizzato un tool chiamato <strong>FordPowerON <\/strong>una interfaccia operativa con un\u2019unica Base Dati integrata volta alla fruizione di CRM e software applicativo per la preventivazione di veicoli nell\u2019area vendita, prestando la massima attenzione all\u2019usabilit\u00e0 e alla semplicit\u00e0 di utilizzo. Per <strong>VOLVO CAR ITALIA<\/strong>, abbiamo realizzato un tool denominato <strong>VolvoNET<\/strong> che propone una completa reingegnerizzazione dell&#8217;interfaccia utente del tool di preventivazione. Grazie all&#8217;utilizzo delle pi\u00f9 recenti tecnologie di sviluppo web, il tool garantisce la visualizzazione e l&#8217;utilizzo del software su differenti piattaforme rendendolo un sistema cross-browser. Si integra con i sistemi centrali di VOLVO CAR.\u00a0<\/li>\n<li><strong>CRM<\/strong><br \/>I nostri software di <strong>Customer Relationship Management<\/strong> sono realizzati per soddisfare ogni singola esigenza. I nostri strumenti sono un insieme di metodologie, tecniche e attivit\u00e0 quotidiane che consentono di facilitare il <strong>flusso e la conversione dei lead<\/strong>. Un <strong>sistema CRM<\/strong> che aiuta le aziende a rimanere in contatto con i clienti in modo strutturato, incrementando la produttivit\u00e0 e garantendo un elevato livello di customer satisfaction.<\/li>\n<li><strong>AGENDA OFFICINA<\/strong><br \/>I nostri processi gestionali e le nostre esperienze ispirate al mercato si completano con le <strong>124 officine autorizzate Volvo Car Italia<\/strong> che dispongono di un software &#8220;dedicato&#8221; all\u2019intero processo di gestione di una commessa di officina, comprese le campagne di incentivazione di Casa Madre.<\/li>\n<li><strong>WEBAPP e APP<\/strong><br \/>La progressiva crescita e diffusione di dispositivi mobile e dei social network, ha determinato la necessit\u00e0 di accedere in mobilit\u00e0 alle informazioni, di maggiore efficienza ed <strong>efficacia nell\u2019operativit\u00e0<\/strong> e di maggiore tempestivit\u00e0 nel gestire le esigenze dei clienti da qualsiasi device mobile.<\/li>\n<li><strong>CAMPAGNE SOCIAL<br \/><\/strong>La nostra consulenza in ambito <strong>Social Media<\/strong> \u00e8 rivolta alle aziende che intendono <strong>presidiare i social network<\/strong> in maniera efficace, attraverso soluzioni e strategie professionali studiate su misura e <strong>Campagne di Advertising<\/strong> con <strong>Facebook ADS<\/strong>. [<strong><a href=\"https:\/\/www.fullserviceict.it\/campagne-social\/\">APPROFONDISCI<\/a><\/strong>]<\/li>\n<li><strong>SITI INTERNET<\/strong><br \/>Realizziamo <strong>siti internet<\/strong> perfettamente fruibili in tutti i dispositivi, sia fissi che mobili. <strong>Siti intuitivi<\/strong> e veloci nella navigazione, dove l\u2019utente sa dove andare e dove trova velocemente le informazioni. Siti belli graficamente che rappresentano al meglio l\u2019immagine aziendale nel mondo. Siti che prima di ogni cosa portano effettivi guadagni sia in nuovi visite, clienti, ordini o in guadagni diretti come negli e-commerce.<\/li>\n<li><strong>VIDEO TUTORIAL<br \/><\/strong>Offriamo la possibilit\u00e0 di realizzare <strong>video guide<\/strong> e video tutorial per facilitare l&#8217;utilizzo dei nostri o dei Vostri servizi ai clienti. A discrezione del cliente, le vide oguide possono essere caricate sull&#8217;account YouTube di FullService o su qualunque altro servizio di Video Sharing.<br \/>Per facilitarne la consultazione, aggiungiamo una suddivisione in capitoli per ogni singola guida e le organizziamo all&#8217;interno di PlayList.<\/li>\n<\/ul>\t\t\t\t\t\t\t\t<\/div>\n\t\t\t\t<\/div>\n\t\t\t\t\t<\/div>\n\t\t<\/div>\n\t\t\t\t\t<\/div>\n\t\t<\/section>\n\t\t\t\t<section class=\"elementor-section elementor-top-section elementor-element elementor-element-6ab8ddf elementor-section-boxed elementor-section-height-default elementor-section-height-default\" data-id=\"6ab8ddf\" data-element_type=\"section\" data-e-type=\"section\">\n\t\t\t\t\t\t<div class=\"elementor-container elementor-column-gap-default\">\n\t\t\t\t\t<div class=\"elementor-column elementor-col-25 elementor-top-column elementor-element elementor-element-e25d6e2\" data-id=\"e25d6e2\" data-element_type=\"column\" data-e-type=\"column\" data-settings=\"{&quot;background_background&quot;:&quot;classic&quot;}\">\n\t\t\t<div class=\"elementor-widget-wrap elementor-element-populated\">\n\t\t\t\t\t\t<div class=\"elementor-element elementor-element-468193e elementor-widget elementor-widget-heading\" data-id=\"468193e\" data-element_type=\"widget\" data-e-type=\"widget\" data-widget_type=\"heading.default\">\n\t\t\t\t<div class=\"elementor-widget-container\">\n\t\t\t\t\t<h4 class=\"elementor-heading-title elementor-size-default\"><a href=\"https:\/\/www.fullserviceict.it\/?page_id=875\">FULL4DRIVE<\/a><\/h4>\t\t\t\t<\/div>\n\t\t\t\t<\/div>\n\t\t\t\t<div class=\"elementor-element elementor-element-7e96c9d elementor-widget elementor-widget-image\" data-id=\"7e96c9d\" data-element_type=\"widget\" data-e-type=\"widget\" data-widget_type=\"image.default\">\n\t\t\t\t<div class=\"elementor-widget-container\">\n\t\t\t\t\t\t\t\t\t\t\t\t\t\t\t\t<a href=\"https:\/\/www.fullserviceict.it\/?page_id=875\">\n\t\t\t\t\t\t\t<img decoding=\"async\" src=\"https:\/\/www.fullserviceict.it\/wp-content\/uploads\/2026\/02\/FULL4DRIVE.jpg\" title=\"FULL4DRIVE\" alt=\"FULL4DRIVE\" loading=\"lazy\" \/>\t\t\t\t\t\t\t\t<\/a>\n\t\t\t\t\t\t\t\t\t\t\t\t\t\t\t<\/div>\n\t\t\t\t<\/div>\n\t\t\t\t<div class=\"elementor-element elementor-element-0d17f86 elementor-widget elementor-widget-text-editor\" data-id=\"0d17f86\" data-element_type=\"widget\" data-e-type=\"widget\" data-widget_type=\"text-editor.default\">\n\t\t\t\t<div class=\"elementor-widget-container\">\n\t\t\t\t\t\t\t\t\t<p>Il <strong>Full4Drive <\/strong>\u00e8 un <strong>preventivatore multibrand<\/strong>, una nostra soluzione pensata per supportare le aziende del settore <strong>Automotive<\/strong> nella gestione rapida, accurata e strutturata dei preventivi. [<a href=\"https:\/\/www.fullserviceict.it\/?page_id=875\"><strong>&#8230;<\/strong><\/a>]\t\t\t\t\t\t\t\t<\/div>\n\t\t\t\t<\/div>\n\t\t\t\t\t<\/div>\n\t\t<\/div>\n\t\t\t\t<div class=\"elementor-column elementor-col-25 elementor-top-column elementor-element elementor-element-f8c9b2c\" data-id=\"f8c9b2c\" data-element_type=\"column\" data-e-type=\"column\" data-settings=\"{&quot;background_background&quot;:&quot;classic&quot;}\">\n\t\t\t<div class=\"elementor-widget-wrap elementor-element-populated\">\n\t\t\t\t\t\t<div class=\"elementor-element elementor-element-73142ef elementor-widget elementor-widget-heading\" data-id=\"73142ef\" data-element_type=\"widget\" data-e-type=\"widget\" data-widget_type=\"heading.default\">\n\t\t\t\t<div class=\"elementor-widget-container\">\n\t\t\t\t\t<h4 class=\"elementor-heading-title elementor-size-default\"><a href=\"https:\/\/www.fullserviceict.it\/?page_id=172\">SOFTWARE<\/a><\/h4>\t\t\t\t<\/div>\n\t\t\t\t<\/div>\n\t\t\t\t<div class=\"elementor-element elementor-element-7e2481f elementor-widget elementor-widget-image\" data-id=\"7e2481f\" data-element_type=\"widget\" data-e-type=\"widget\" data-widget_type=\"image.default\">\n\t\t\t\t<div class=\"elementor-widget-container\">\n\t\t\t\t\t\t\t\t\t\t\t\t\t\t\t\t<a href=\"https:\/\/www.fullserviceict.it\/?page_id=172\">\n\t\t\t\t\t\t\t<img decoding=\"async\" src=\"https:\/\/www.fullserviceict.it\/wp-content\/uploads\/2022\/02\/HP07.jpg\" title=\"HP07\" alt=\"HP07\" loading=\"lazy\" \/>\t\t\t\t\t\t\t\t<\/a>\n\t\t\t\t\t\t\t\t\t\t\t\t\t\t\t<\/div>\n\t\t\t\t<\/div>\n\t\t\t\t<div class=\"elementor-element elementor-element-274677b elementor-widget elementor-widget-text-editor\" data-id=\"274677b\" data-element_type=\"widget\" data-e-type=\"widget\" data-widget_type=\"text-editor.default\">\n\t\t\t\t<div class=\"elementor-widget-container\">\n\t\t\t\t\t\t\t\t\t<p>Grazie all\u2019utilizzo delle pi\u00f9 <strong>recenti tecnologie di sviluppo web<\/strong>, garantiamo la visualizzazione e l\u2019utilizzo dei nostri software su differenti piattaforme rendendoli dei sistemi cross-browser.\u00a0 [<a href=\"https:\/\/www.fullserviceict.it\/?page_id=172\"><strong>&#8230;<\/strong><\/a>]\t\t\t\t\t\t\t\t<\/div>\n\t\t\t\t<\/div>\n\t\t\t\t\t<\/div>\n\t\t<\/div>\n\t\t\t\t<div class=\"elementor-column elementor-col-25 elementor-top-column elementor-element elementor-element-2661d92\" data-id=\"2661d92\" data-element_type=\"column\" data-e-type=\"column\" data-settings=\"{&quot;background_background&quot;:&quot;classic&quot;}\">\n\t\t\t<div class=\"elementor-widget-wrap elementor-element-populated\">\n\t\t\t\t\t\t<div class=\"elementor-element elementor-element-b1a9829 elementor-widget elementor-widget-heading\" data-id=\"b1a9829\" data-element_type=\"widget\" data-e-type=\"widget\" data-widget_type=\"heading.default\">\n\t\t\t\t<div class=\"elementor-widget-container\">\n\t\t\t\t\t<h4 class=\"elementor-heading-title elementor-size-default\"><a href=\"https:\/\/www.fullserviceict.it\/?page_id=174\">HELP DESK<\/a><\/h4>\t\t\t\t<\/div>\n\t\t\t\t<\/div>\n\t\t\t\t<div class=\"elementor-element elementor-element-2879b2b elementor-widget elementor-widget-image\" data-id=\"2879b2b\" data-element_type=\"widget\" data-e-type=\"widget\" data-widget_type=\"image.default\">\n\t\t\t\t<div class=\"elementor-widget-container\">\n\t\t\t\t\t\t\t\t\t\t\t\t\t\t\t\t<a href=\"https:\/\/www.fullserviceict.it\/?page_id=174\">\n\t\t\t\t\t\t\t<img decoding=\"async\" src=\"https:\/\/www.fullserviceict.it\/wp-content\/uploads\/2022\/02\/HP11-1.jpg\" title=\"HP11\" alt=\"HP11\" loading=\"lazy\" \/>\t\t\t\t\t\t\t\t<\/a>\n\t\t\t\t\t\t\t\t\t\t\t\t\t\t\t<\/div>\n\t\t\t\t<\/div>\n\t\t\t\t<div class=\"elementor-element elementor-element-7a65020 elementor-widget elementor-widget-text-editor\" data-id=\"7a65020\" data-element_type=\"widget\" data-e-type=\"widget\" data-widget_type=\"text-editor.default\">\n\t\t\t\t<div class=\"elementor-widget-container\">\n\t\t\t\t\t\t\t\t\t<p>Operiamo sulle specifiche richieste risolvendo i problemi tramite l\u2019<strong>assistenza remota e on-site<\/strong> ottimizzando i tempi d\u2019intervento, con soluzioni personalizzabili su ogni tipologia e dimensione di azienda. [<a href=\"https:\/\/www.fullserviceict.it\/?page_id=174\"><strong>&#8230;<\/strong><\/a>]\t\t\t\t\t\t\t\t<\/div>\n\t\t\t\t<\/div>\n\t\t\t\t\t<\/div>\n\t\t<\/div>\n\t\t\t\t<div class=\"elementor-column elementor-col-25 elementor-top-column elementor-element elementor-element-2b2ce43\" data-id=\"2b2ce43\" data-element_type=\"column\" data-e-type=\"column\" data-settings=\"{&quot;background_background&quot;:&quot;classic&quot;}\">\n\t\t\t<div class=\"elementor-widget-wrap elementor-element-populated\">\n\t\t\t\t\t\t<div class=\"elementor-element elementor-element-2276a4e elementor-widget elementor-widget-heading\" data-id=\"2276a4e\" data-element_type=\"widget\" data-e-type=\"widget\" data-widget_type=\"heading.default\">\n\t\t\t\t<div class=\"elementor-widget-container\">\n\t\t\t\t\t<h4 class=\"elementor-heading-title elementor-size-default\"><a href=\"https:\/\/www.fullserviceict.it\/?page_id=175\">WEB FARM<\/a><\/h4>\t\t\t\t<\/div>\n\t\t\t\t<\/div>\n\t\t\t\t<div class=\"elementor-element elementor-element-ea456da elementor-widget elementor-widget-image\" data-id=\"ea456da\" data-element_type=\"widget\" data-e-type=\"widget\" data-widget_type=\"image.default\">\n\t\t\t\t<div class=\"elementor-widget-container\">\n\t\t\t\t\t\t\t\t\t\t\t\t\t\t\t\t<a href=\"https:\/\/www.fullserviceict.it\/?page_id=175\">\n\t\t\t\t\t\t\t<img decoding=\"async\" src=\"https:\/\/www.fullserviceict.it\/wp-content\/uploads\/2022\/02\/HP13.jpg\" title=\"HP13\" alt=\"HP13\" loading=\"lazy\" \/>\t\t\t\t\t\t\t\t<\/a>\n\t\t\t\t\t\t\t\t\t\t\t\t\t\t\t<\/div>\n\t\t\t\t<\/div>\n\t\t\t\t<div class=\"elementor-element elementor-element-ba80d1a elementor-widget elementor-widget-text-editor\" data-id=\"ba80d1a\" data-element_type=\"widget\" data-e-type=\"widget\" data-widget_type=\"text-editor.default\">\n\t\t\t\t<div class=\"elementor-widget-container\">\n\t\t\t\t\t\t\t\t\t<p><strong>Sistemi cluster<\/strong> gestiscono carichi di lavoro pesanti o critici (server di <strong>posta elettronica<\/strong>, <strong>web<\/strong>, <strong>database<\/strong>, <strong>rendering<\/strong>, <strong>GRID<\/strong>) garantendo affidabilit\u00e0 e tolleranza ai guasti tramite ridondanza fisica degli apparati. [<a href=\"https:\/\/www.fullserviceict.it\/?page_id=175\"><strong>&#8230;<\/strong><\/a>]\t\t\t\t\t\t\t\t<\/div>\n\t\t\t\t<\/div>\n\t\t\t\t\t<\/div>\n\t\t<\/div>\n\t\t\t\t\t<\/div>\n\t\t<\/section>\n\t\t\t\t<\/div>\n\t\t","protected":false},"excerpt":{"rendered":"<p>SVILUPPO SOFTWARE La disponibilit\u00e0 di nuove piattaforme tecnologiche, richiede competenze sempre pi\u00f9 specializzate e capacit\u00e0 di fornire soluzioni affidabili e aggiornate. Full Service Solution progetta e sviluppa software web based basato sui linguaggi di programmazione pi\u00f9 evoluti, realizzando soluzioni verticali &hellip; <a href=\"https:\/\/www.fullserviceict.it\/?page_id=172\">Continua<\/a><\/p>\n","protected":false},"author":1,"featured_media":0,"parent":0,"menu_order":0,"comment_status":"closed","ping_status":"closed","template":"","meta":{"inline_featured_image":false,"kt_blocks_editor_width":"","footnotes":""},"class_list":["post-172","page","type-page","status-publish","hentry"],"_links":{"self":[{"href":"https:\/\/www.fullserviceict.it\/index.php?rest_route=\/wp\/v2\/pages\/172","targetHints":{"allow":["GET"]}}],"collection":[{"href":"https:\/\/www.fullserviceict.it\/index.php?rest_route=\/wp\/v2\/pages"}],"about":[{"href":"https:\/\/www.fullserviceict.it\/index.php?rest_route=\/wp\/v2\/types\/page"}],"author":[{"embeddable":true,"href":"https:\/\/www.fullserviceict.it\/index.php?rest_route=\/wp\/v2\/users\/1"}],"replies":[{"embeddable":true,"href":"https:\/\/www.fullserviceict.it\/index.php?rest_route=%2Fwp%2Fv2%2Fcomments&post=172"}],"version-history":[{"count":96,"href":"https:\/\/www.fullserviceict.it\/index.php?rest_route=\/wp\/v2\/pages\/172\/revisions"}],"predecessor-version":[{"id":922,"href":"https:\/\/www.fullserviceict.it\/index.php?rest_route=\/wp\/v2\/pages\/172\/revisions\/922"}],"wp:attachment":[{"href":"https:\/\/www.fullserviceict.it\/index.php?rest_route=%2Fwp%2Fv2%2Fmedia&parent=172"}],"curies":[{"name":"wp","href":"https:\/\/api.w.org\/{rel}","templated":true}]}}