{"id":175,"date":"2022-01-17T12:54:15","date_gmt":"2022-01-17T11:54:15","guid":{"rendered":"https:\/\/fullservicesolution.it\/?page_id=175"},"modified":"2026-02-17T08:18:32","modified_gmt":"2026-02-17T07:18:32","slug":"web-farm","status":"publish","type":"page","link":"https:\/\/www.fullserviceict.it\/?page_id=175","title":{"rendered":"WEB FARM"},"content":{"rendered":"\t\t<div data-elementor-type=\"wp-page\" data-elementor-id=\"175\" class=\"elementor elementor-175\">\n\t\t\t\t\t\t<section class=\"elementor-section elementor-top-section elementor-element elementor-element-67088fb elementor-section-boxed elementor-section-height-default elementor-section-height-default\" data-id=\"67088fb\" data-element_type=\"section\" data-e-type=\"section\">\n\t\t\t\t\t\t<div class=\"elementor-container elementor-column-gap-default\">\n\t\t\t\t\t<div class=\"elementor-column elementor-col-100 elementor-top-column elementor-element elementor-element-0439996\" data-id=\"0439996\" data-element_type=\"column\" data-e-type=\"column\">\n\t\t\t<div class=\"elementor-widget-wrap elementor-element-populated\">\n\t\t\t\t\t\t<div class=\"elementor-element elementor-element-3a2308b elementor-widget elementor-widget-image-carousel\" data-id=\"3a2308b\" data-element_type=\"widget\" data-e-type=\"widget\" data-settings=\"{&quot;slides_to_show&quot;:&quot;1&quot;,&quot;navigation&quot;:&quot;none&quot;,&quot;autoplay&quot;:&quot;yes&quot;,&quot;pause_on_hover&quot;:&quot;yes&quot;,&quot;pause_on_interaction&quot;:&quot;yes&quot;,&quot;autoplay_speed&quot;:5000,&quot;infinite&quot;:&quot;yes&quot;,&quot;effect&quot;:&quot;slide&quot;,&quot;speed&quot;:500}\" data-widget_type=\"image-carousel.default\">\n\t\t\t\t<div class=\"elementor-widget-container\">\n\t\t\t\t\t\t\t<div class=\"elementor-image-carousel-wrapper swiper\" role=\"region\" aria-roledescription=\"carousel\" aria-label=\"Carosello d&#039;immagini\" dir=\"ltr\">\n\t\t\t<div class=\"elementor-image-carousel swiper-wrapper swiper-image-stretch\" aria-live=\"off\">\n\t\t\t\t\t\t\t\t<div class=\"swiper-slide\" role=\"group\" aria-roledescription=\"slide\" aria-label=\"1 di 1\"><figure class=\"swiper-slide-inner\"><img decoding=\"async\" class=\"swiper-slide-image\" src=\"https:\/\/www.fullserviceict.it\/wp-content\/uploads\/2022\/02\/HP13.jpg\" alt=\"HP13\" \/><\/figure><\/div>\t\t\t<\/div>\n\t\t\t\t\t<\/div>\n\t\t\t\t\t\t<\/div>\n\t\t\t\t<\/div>\n\t\t\t\t\t<\/div>\n\t\t<\/div>\n\t\t\t\t\t<\/div>\n\t\t<\/section>\n\t\t\t\t<section class=\"elementor-section elementor-top-section elementor-element elementor-element-8631f0d elementor-section-boxed elementor-section-height-default elementor-section-height-default\" data-id=\"8631f0d\" data-element_type=\"section\" data-e-type=\"section\">\n\t\t\t\t\t\t<div class=\"elementor-container elementor-column-gap-default\">\n\t\t\t\t\t<div class=\"elementor-column elementor-col-100 elementor-top-column elementor-element elementor-element-0204f27\" data-id=\"0204f27\" data-element_type=\"column\" data-e-type=\"column\">\n\t\t\t<div class=\"elementor-widget-wrap elementor-element-populated\">\n\t\t\t\t\t\t<div class=\"elementor-element elementor-element-51b2e7a elementor-widget elementor-widget-heading\" data-id=\"51b2e7a\" data-element_type=\"widget\" data-e-type=\"widget\" data-widget_type=\"heading.default\">\n\t\t\t\t<div class=\"elementor-widget-container\">\n\t\t\t\t\t<h3 class=\"elementor-heading-title elementor-size-default\">WEB FARM<\/h3>\t\t\t\t<\/div>\n\t\t\t\t<\/div>\n\t\t\t\t<div class=\"elementor-element elementor-element-0a199cb elementor-widget elementor-widget-text-editor\" data-id=\"0a199cb\" data-element_type=\"widget\" data-e-type=\"widget\" data-widget_type=\"text-editor.default\">\n\t\t\t\t<div class=\"elementor-widget-container\">\n\t\t\t\t\t\t\t\t\t<p>Sulla base dell&#8217;esperienza maturata nel corso degli anni, vogliamo proporci come <strong>partner tecnologico<\/strong>, individuando per i nostri clienti soluzioni affidabili, semplici e scalabili. La <strong>virtualizzazione<\/strong>, ad esempio, diminuisce la complessit\u00e0 delle infrastrutture, permettendo la gestione da un&#8217;unica interfaccia, aumenta la flessibilit\u00e0, gestendo risorse in funzione dei processi, semplifica i backup, riducendo al minimo i rischi di interruzione e perdita di dati.<\/p>\n<ul>\n<li><strong>Progettazione di reti LAN<\/strong>, verifica e messa in sicurezza di reti preesistenti, attraverso l&#8217;implementazione di security policies e la definizione delle strategie di accesso<\/li>\n<li><strong>Installazione e manutenzione di Firewall<\/strong> e di tools dedicati all&#8217;analisi della rete e all&#8217;individuazione di intrusioni e di attacchi in tempo reale (Intrusion Detection)<\/li>\n<li><strong>Realizzazione di reti wireless<\/strong>, indoor e outdoor, con particolare attenzione alle problematiche di sicurezza informatica (gestione e tracciabilit\u00e0 degli accessi)<\/li>\n<li><strong>Realizzazione di file server e di mail server<\/strong>, questi ultimi su piattaforma MS Exchange<\/li>\n<li><strong>Realizzazione di soluzioni Antivirus<\/strong>, Antispam, rilevamento intrusioni<\/li>\n<li><strong>Realizzazione di soluzioni di backup<\/strong> integrando Server, Storage, Tape Library, Lan di backup e ambienti virtuali con prodotti leader di mercato quali Veeam, Symantec, etc., per garantire la sicurezza delle infrastrutture e ridurre al minimo i rischi di interruzione e perdita di dati<\/li>\n<li><strong>Consolidamento di pi\u00f9 server applicativi eterogenei<\/strong> in un&#8217;unica piattaforma hardware attraverso la virtualizzazione dei sistemi operativi<\/li>\n<li><strong>Progettazione e implementazione di infrastrutture virtuali<\/strong>, in grado di ridurre la complessit\u00e0 dei sistemi IT, di sfruttare al massimo le risorse dei dispositivi hardware, aumentando la &#8220;business agility&#8221; dell&#8217;azienda e abbassando il consumo energetico. Per realizzare queste soluzioni di virtualizzazione, basate su Server &#8220;x86&#8221;, utilizziamo i software pi\u00f9 diffusi sul mercato, VMware, Xen, Citrix<\/li>\n<li><strong>HOSTING LINUX &#8211; <\/strong>Il web hosting basato su piattaforma <strong>Linux<\/strong> per realizzare <strong>siti web<\/strong> mantenendo assoluta libert\u00e0 nelle fasi di configurazione e programmazione. Ideale per chi ha gi\u00e0 competenze di sviluppo e vuole programmare con i linguaggi pi\u00f9 conosciuti come: PHP, Perl, Python, Ruby<\/li>\n<li><strong>HOSTING WINDOWS &#8211; <\/strong>Lo spazio web con hosting <strong>Windows<\/strong> consente l&#8217;esecuzione di script <strong>ASP<\/strong> e <strong>.NET<\/strong> e permette all&#8217;utilizzatore di gestire tutte le fasi di configurazione e programmazione in completa autonomia. Basato su <strong>piattaforma Windows Server 2019<\/strong>, \u00e8 la soluzione perfetta per l&#8217;utilizzo di applicazioni che richiedano il database MSSQL (Microsoft SQL Server).<\/li>\n<li><strong>SERVER DEDICATI &#8211; SOLUZIONI CLOUD &#8211; <\/strong>Noleggiare un server fisico solo per te con assistenza hardware: Processori Intel Xeon &#8211; RAID Hardware &#8211; Connettivit\u00e0 fino a 10 Gb\/s &#8211; Protezione anti-DDoS<\/li>\n<\/ul>\t\t\t\t\t\t\t\t<\/div>\n\t\t\t\t<\/div>\n\t\t\t\t\t<\/div>\n\t\t<\/div>\n\t\t\t\t\t<\/div>\n\t\t<\/section>\n\t\t\t\t<section class=\"elementor-section elementor-top-section elementor-element elementor-element-4219aca elementor-section-boxed elementor-section-height-default elementor-section-height-default\" data-id=\"4219aca\" data-element_type=\"section\" data-e-type=\"section\">\n\t\t\t\t\t\t<div class=\"elementor-container elementor-column-gap-default\">\n\t\t\t\t\t<div class=\"elementor-column elementor-col-25 elementor-top-column elementor-element elementor-element-4ce1709\" data-id=\"4ce1709\" data-element_type=\"column\" data-e-type=\"column\" data-settings=\"{&quot;background_background&quot;:&quot;classic&quot;}\">\n\t\t\t<div class=\"elementor-widget-wrap elementor-element-populated\">\n\t\t\t\t\t\t<div class=\"elementor-element elementor-element-ccad4f7 elementor-widget elementor-widget-heading\" data-id=\"ccad4f7\" data-element_type=\"widget\" data-e-type=\"widget\" data-widget_type=\"heading.default\">\n\t\t\t\t<div class=\"elementor-widget-container\">\n\t\t\t\t\t<h4 class=\"elementor-heading-title elementor-size-default\"><a href=\"https:\/\/www.fullserviceict.it\/?page_id=875\">FULL4DRIVE<\/a><\/h4>\t\t\t\t<\/div>\n\t\t\t\t<\/div>\n\t\t\t\t<div class=\"elementor-element elementor-element-e99032e elementor-widget elementor-widget-image\" data-id=\"e99032e\" data-element_type=\"widget\" data-e-type=\"widget\" data-widget_type=\"image.default\">\n\t\t\t\t<div class=\"elementor-widget-container\">\n\t\t\t\t\t\t\t\t\t\t\t\t\t\t\t\t<a href=\"https:\/\/www.fullserviceict.it\/?page_id=875\">\n\t\t\t\t\t\t\t<img decoding=\"async\" src=\"https:\/\/www.fullserviceict.it\/wp-content\/uploads\/2026\/02\/FULL4DRIVE.jpg\" title=\"FULL4DRIVE\" alt=\"FULL4DRIVE\" loading=\"lazy\" \/>\t\t\t\t\t\t\t\t<\/a>\n\t\t\t\t\t\t\t\t\t\t\t\t\t\t\t<\/div>\n\t\t\t\t<\/div>\n\t\t\t\t<div class=\"elementor-element elementor-element-b825fec elementor-widget elementor-widget-text-editor\" data-id=\"b825fec\" data-element_type=\"widget\" data-e-type=\"widget\" data-widget_type=\"text-editor.default\">\n\t\t\t\t<div class=\"elementor-widget-container\">\n\t\t\t\t\t\t\t\t\t<p>Il <strong>Full4Drive <\/strong>\u00e8 un <strong>preventivatore multibrand<\/strong>, una nostra soluzione pensata per supportare le aziende del settore <strong>Automotive<\/strong> nella gestione rapida, accurata e strutturata dei preventivi. [<a href=\"https:\/\/www.fullserviceict.it\/?page_id=875\"><strong>&#8230;<\/strong><\/a>]\t\t\t\t\t\t\t\t<\/div>\n\t\t\t\t<\/div>\n\t\t\t\t\t<\/div>\n\t\t<\/div>\n\t\t\t\t<div class=\"elementor-column elementor-col-25 elementor-top-column elementor-element elementor-element-6c5750c\" data-id=\"6c5750c\" data-element_type=\"column\" data-e-type=\"column\" data-settings=\"{&quot;background_background&quot;:&quot;classic&quot;}\">\n\t\t\t<div class=\"elementor-widget-wrap elementor-element-populated\">\n\t\t\t\t\t\t<div class=\"elementor-element elementor-element-0047aeb elementor-widget elementor-widget-heading\" data-id=\"0047aeb\" data-element_type=\"widget\" data-e-type=\"widget\" data-widget_type=\"heading.default\">\n\t\t\t\t<div class=\"elementor-widget-container\">\n\t\t\t\t\t<h4 class=\"elementor-heading-title elementor-size-default\"><a href=\"https:\/\/www.fullserviceict.it\/?page_id=172\">SOFTWARE<\/a><\/h4>\t\t\t\t<\/div>\n\t\t\t\t<\/div>\n\t\t\t\t<div class=\"elementor-element elementor-element-bcc779a elementor-widget elementor-widget-image\" data-id=\"bcc779a\" data-element_type=\"widget\" data-e-type=\"widget\" data-widget_type=\"image.default\">\n\t\t\t\t<div class=\"elementor-widget-container\">\n\t\t\t\t\t\t\t\t\t\t\t\t\t\t\t\t<a href=\"https:\/\/www.fullserviceict.it\/?page_id=172\">\n\t\t\t\t\t\t\t<img decoding=\"async\" src=\"https:\/\/www.fullserviceict.it\/wp-content\/uploads\/2022\/02\/HP07.jpg\" title=\"HP07\" alt=\"HP07\" loading=\"lazy\" \/>\t\t\t\t\t\t\t\t<\/a>\n\t\t\t\t\t\t\t\t\t\t\t\t\t\t\t<\/div>\n\t\t\t\t<\/div>\n\t\t\t\t<div class=\"elementor-element elementor-element-f6b8f7a elementor-widget elementor-widget-text-editor\" data-id=\"f6b8f7a\" data-element_type=\"widget\" data-e-type=\"widget\" data-widget_type=\"text-editor.default\">\n\t\t\t\t<div class=\"elementor-widget-container\">\n\t\t\t\t\t\t\t\t\t<p>Grazie all\u2019utilizzo delle pi\u00f9 <strong>recenti tecnologie di sviluppo web<\/strong>, garantiamo la visualizzazione e l\u2019utilizzo dei nostri software su differenti piattaforme rendendoli dei sistemi cross-browser.\u00a0 [<a href=\"https:\/\/www.fullserviceict.it\/?page_id=172\"><strong>&#8230;<\/strong><\/a>]\t\t\t\t\t\t\t\t<\/div>\n\t\t\t\t<\/div>\n\t\t\t\t\t<\/div>\n\t\t<\/div>\n\t\t\t\t<div class=\"elementor-column elementor-col-25 elementor-top-column elementor-element elementor-element-92ee7ad\" data-id=\"92ee7ad\" data-element_type=\"column\" data-e-type=\"column\" data-settings=\"{&quot;background_background&quot;:&quot;classic&quot;}\">\n\t\t\t<div class=\"elementor-widget-wrap elementor-element-populated\">\n\t\t\t\t\t\t<div class=\"elementor-element elementor-element-3caa02c elementor-widget elementor-widget-heading\" data-id=\"3caa02c\" data-element_type=\"widget\" data-e-type=\"widget\" data-widget_type=\"heading.default\">\n\t\t\t\t<div class=\"elementor-widget-container\">\n\t\t\t\t\t<h4 class=\"elementor-heading-title elementor-size-default\"><a href=\"https:\/\/www.fullserviceict.it\/?page_id=174\">HELP DESK<\/a><\/h4>\t\t\t\t<\/div>\n\t\t\t\t<\/div>\n\t\t\t\t<div class=\"elementor-element elementor-element-249b820 elementor-widget elementor-widget-image\" data-id=\"249b820\" data-element_type=\"widget\" data-e-type=\"widget\" data-widget_type=\"image.default\">\n\t\t\t\t<div class=\"elementor-widget-container\">\n\t\t\t\t\t\t\t\t\t\t\t\t\t\t\t\t<a href=\"https:\/\/www.fullserviceict.it\/?page_id=174\">\n\t\t\t\t\t\t\t<img decoding=\"async\" src=\"https:\/\/www.fullserviceict.it\/wp-content\/uploads\/2022\/02\/HP11-1.jpg\" title=\"HP11\" alt=\"HP11\" loading=\"lazy\" \/>\t\t\t\t\t\t\t\t<\/a>\n\t\t\t\t\t\t\t\t\t\t\t\t\t\t\t<\/div>\n\t\t\t\t<\/div>\n\t\t\t\t<div class=\"elementor-element elementor-element-334de34 elementor-widget elementor-widget-text-editor\" data-id=\"334de34\" data-element_type=\"widget\" data-e-type=\"widget\" data-widget_type=\"text-editor.default\">\n\t\t\t\t<div class=\"elementor-widget-container\">\n\t\t\t\t\t\t\t\t\t<p>Operiamo sulle specifiche richieste risolvendo i problemi tramite l\u2019<strong>assistenza remota e on-site<\/strong> ottimizzando i tempi d\u2019intervento, con soluzioni personalizzabili su ogni tipologia e dimensione di azienda. [<a href=\"https:\/\/www.fullserviceict.it\/?page_id=174\"><strong>&#8230;<\/strong><\/a>]\t\t\t\t\t\t\t\t<\/div>\n\t\t\t\t<\/div>\n\t\t\t\t\t<\/div>\n\t\t<\/div>\n\t\t\t\t<div class=\"elementor-column elementor-col-25 elementor-top-column elementor-element elementor-element-54984d6\" data-id=\"54984d6\" data-element_type=\"column\" data-e-type=\"column\" data-settings=\"{&quot;background_background&quot;:&quot;classic&quot;}\">\n\t\t\t<div class=\"elementor-widget-wrap elementor-element-populated\">\n\t\t\t\t\t\t<div class=\"elementor-element elementor-element-4ea4f7d elementor-widget elementor-widget-heading\" data-id=\"4ea4f7d\" data-element_type=\"widget\" data-e-type=\"widget\" data-widget_type=\"heading.default\">\n\t\t\t\t<div class=\"elementor-widget-container\">\n\t\t\t\t\t<h4 class=\"elementor-heading-title elementor-size-default\"><a href=\"https:\/\/www.fullserviceict.it\/?page_id=175\">WEB FARM<\/a><\/h4>\t\t\t\t<\/div>\n\t\t\t\t<\/div>\n\t\t\t\t<div class=\"elementor-element elementor-element-6ab8846 elementor-widget elementor-widget-image\" data-id=\"6ab8846\" data-element_type=\"widget\" data-e-type=\"widget\" data-widget_type=\"image.default\">\n\t\t\t\t<div class=\"elementor-widget-container\">\n\t\t\t\t\t\t\t\t\t\t\t\t\t\t\t\t<a href=\"https:\/\/www.fullserviceict.it\/?page_id=175\">\n\t\t\t\t\t\t\t<img decoding=\"async\" src=\"https:\/\/www.fullserviceict.it\/wp-content\/uploads\/2022\/02\/HP13.jpg\" title=\"HP13\" alt=\"HP13\" loading=\"lazy\" \/>\t\t\t\t\t\t\t\t<\/a>\n\t\t\t\t\t\t\t\t\t\t\t\t\t\t\t<\/div>\n\t\t\t\t<\/div>\n\t\t\t\t<div class=\"elementor-element elementor-element-8c410ce elementor-widget elementor-widget-text-editor\" data-id=\"8c410ce\" data-element_type=\"widget\" data-e-type=\"widget\" data-widget_type=\"text-editor.default\">\n\t\t\t\t<div class=\"elementor-widget-container\">\n\t\t\t\t\t\t\t\t\t<p><strong>Sistemi cluster<\/strong> gestiscono carichi di lavoro pesanti o critici (server di <strong>posta elettronica<\/strong>, <strong>web<\/strong>, <strong>database<\/strong>, <strong>rendering<\/strong>, <strong>GRID<\/strong>) garantendo affidabilit\u00e0 e tolleranza ai guasti tramite ridondanza fisica degli apparati. [<a href=\"https:\/\/www.fullserviceict.it\/?page_id=175\"><strong>&#8230;<\/strong><\/a>]\t\t\t\t\t\t\t\t<\/div>\n\t\t\t\t<\/div>\n\t\t\t\t\t<\/div>\n\t\t<\/div>\n\t\t\t\t\t<\/div>\n\t\t<\/section>\n\t\t\t\t<\/div>\n\t\t","protected":false},"excerpt":{"rendered":"<p>WEB FARM Sulla base dell&#8217;esperienza maturata nel corso degli anni, vogliamo proporci come partner tecnologico, individuando per i nostri clienti soluzioni affidabili, semplici e scalabili. La virtualizzazione, ad esempio, diminuisce la complessit\u00e0 delle infrastrutture, permettendo la gestione da un&#8217;unica interfaccia, &hellip; <a href=\"https:\/\/www.fullserviceict.it\/?page_id=175\">Continua<\/a><\/p>\n","protected":false},"author":1,"featured_media":0,"parent":0,"menu_order":0,"comment_status":"closed","ping_status":"closed","template":"","meta":{"inline_featured_image":false,"kt_blocks_editor_width":"","footnotes":""},"class_list":["post-175","page","type-page","status-publish","hentry"],"_links":{"self":[{"href":"https:\/\/www.fullserviceict.it\/index.php?rest_route=\/wp\/v2\/pages\/175","targetHints":{"allow":["GET"]}}],"collection":[{"href":"https:\/\/www.fullserviceict.it\/index.php?rest_route=\/wp\/v2\/pages"}],"about":[{"href":"https:\/\/www.fullserviceict.it\/index.php?rest_route=\/wp\/v2\/types\/page"}],"author":[{"embeddable":true,"href":"https:\/\/www.fullserviceict.it\/index.php?rest_route=\/wp\/v2\/users\/1"}],"replies":[{"embeddable":true,"href":"https:\/\/www.fullserviceict.it\/index.php?rest_route=%2Fwp%2Fv2%2Fcomments&post=175"}],"version-history":[{"count":50,"href":"https:\/\/www.fullserviceict.it\/index.php?rest_route=\/wp\/v2\/pages\/175\/revisions"}],"predecessor-version":[{"id":929,"href":"https:\/\/www.fullserviceict.it\/index.php?rest_route=\/wp\/v2\/pages\/175\/revisions\/929"}],"wp:attachment":[{"href":"https:\/\/www.fullserviceict.it\/index.php?rest_route=%2Fwp%2Fv2%2Fmedia&parent=175"}],"curies":[{"name":"wp","href":"https:\/\/api.w.org\/{rel}","templated":true}]}}